{"id":606,"date":"2026-03-09T11:44:17","date_gmt":"2026-03-09T10:44:17","guid":{"rendered":"https:\/\/musee-ecole-bothoa.com\/?page_id=606"},"modified":"2026-03-31T11:51:19","modified_gmt":"2026-03-31T09:51:19","slug":"exposition-filles-garcons-memes-chances-meme-avenir-des-bancs-de-lecole-aux-reves-de-demain","status":"publish","type":"page","link":"https:\/\/musee-ecole-bothoa.com\/index.php\/exposition-filles-garcons-memes-chances-meme-avenir-des-bancs-de-lecole-aux-reves-de-demain\/","title":{"rendered":"Filles Gar\u00e7ons &#8211; M\u00eames chances, m\u00eame avenir ?"},"content":{"rendered":"<style>.kb-row-layout-id606_99e3eb-81 > .kt-row-column-wrap{align-content:center;}:where(.kb-row-layout-id606_99e3eb-81 > .kt-row-column-wrap) > .wp-block-kadence-column{justify-content:center;}.kb-row-layout-id606_99e3eb-81 > .kt-row-column-wrap{column-gap:var(--global-kb-gap-lg, 4rem);row-gap:var(--global-kb-gap-md, 2rem);max-width:var( --global-content-width, 1290px );padding-left:var(--global-content-edge-padding);padding-right:var(--global-content-edge-padding);padding-bottom:var(--global-kb-spacing-xxl, 5rem);padding-left:0px;grid-template-columns:repeat(2, minmax(0, 1fr));}.kb-row-layout-id606_99e3eb-81 > .kt-row-layout-overlay{opacity:0.30;}.kb-row-layout-id606_99e3eb-81 ,.kb-row-layout-id606_99e3eb-81 h1,.kb-row-layout-id606_99e3eb-81 h2,.kb-row-layout-id606_99e3eb-81 h3,.kb-row-layout-id606_99e3eb-81 h4,.kb-row-layout-id606_99e3eb-81 h5,.kb-row-layout-id606_99e3eb-81 h6{color:var(--global-palette3, #1A202C);}.kb-row-layout-id606_99e3eb-81 a{color:var(--global-palette1, #3182CE);}.kb-row-layout-id606_99e3eb-81 a:hover{color:var(--global-palette2, #2B6CB0);}@media all and (max-width: 1024px){.kb-row-layout-id606_99e3eb-81 > .kt-row-column-wrap{column-gap:var(--global-kb-gap-md, 2rem);padding-right:var(--global-kb-spacing-sm, 1.5rem);padding-left:var(--global-kb-spacing-sm, 1.5rem);grid-template-columns:repeat(2, minmax(0, 1fr));}}@media all and (max-width: 767px){.kb-row-layout-id606_99e3eb-81 > .kt-row-column-wrap{grid-template-columns:minmax(0, 1fr);}}<\/style><div class=\"kb-row-layout-wrap kb-row-layout-id606_99e3eb-81 alignfull has-theme-palette8-background-color kt-row-has-bg wp-block-kadence-rowlayout\"><div class=\"kt-row-column-wrap kt-has-2-columns kt-row-layout-equal kt-tab-layout-inherit kt-mobile-layout-row kt-row-valign-middle kb-theme-content-width\">\n<style>.kadence-column606_719ced-b1 > .kt-inside-inner-col,.kadence-column606_719ced-b1 > .kt-inside-inner-col:before{border-top-left-radius:0px;border-top-right-radius:0px;border-bottom-right-radius:0px;border-bottom-left-radius:0px;}.kadence-column606_719ced-b1 > .kt-inside-inner-col{column-gap:var(--global-kb-gap-sm, 1rem);}.kadence-column606_719ced-b1 > .kt-inside-inner-col{flex-direction:column;}.kadence-column606_719ced-b1 > .kt-inside-inner-col > .aligncenter{width:100%;}.kadence-column606_719ced-b1 > .kt-inside-inner-col:before{opacity:0.3;}.kadence-column606_719ced-b1{text-align:left;}.kadence-column606_719ced-b1{position:relative;}@media all and (max-width: 1024px){.kadence-column606_719ced-b1 > .kt-inside-inner-col{flex-direction:column;}}@media all and (max-width: 767px){.kadence-column606_719ced-b1 > .kt-inside-inner-col{flex-direction:column;}}<\/style>\n<div class=\"wp-block-kadence-column kadence-column606_719ced-b1\"><div class=\"kt-inside-inner-col\"><style>.wp-block-kadence-advancedheading.kt-adv-heading606_368be9-24, .wp-block-kadence-advancedheading.kt-adv-heading606_368be9-24[data-kb-block=\"kb-adv-heading606_368be9-24\"]{padding-top:0px;margin-bottom:var(--global-kb-spacing-sm, 1.5rem);text-align:center;font-size:var(--global-kb-font-size-lg, 2rem);line-height:1.2;font-style:normal;}.wp-block-kadence-advancedheading.kt-adv-heading606_368be9-24 mark.kt-highlight, .wp-block-kadence-advancedheading.kt-adv-heading606_368be9-24[data-kb-block=\"kb-adv-heading606_368be9-24\"] mark.kt-highlight{font-style:normal;color:#f76a0c;padding-top:0px;padding-right:0px;padding-bottom:0px;padding-left:0px;}<\/style>\n<h2 class=\"kt-adv-heading606_368be9-24 wp-block-kadence-advancedheading\" data-kb-block=\"kb-adv-heading606_368be9-24\">Exposition Filles Gar\u00e7ons<\/h2>\n\n<style>.wp-block-kadence-advancedheading.kt-adv-heading606_064f11-f5, .wp-block-kadence-advancedheading.kt-adv-heading606_064f11-f5[data-kb-block=\"kb-adv-heading606_064f11-f5\"]{margin-bottom:var(--global-kb-spacing-sm, 1.5rem);text-align:left;font-size:var(--global-kb-font-size-md, 1.25rem);font-style:normal;}.wp-block-kadence-advancedheading.kt-adv-heading606_064f11-f5 mark.kt-highlight, .wp-block-kadence-advancedheading.kt-adv-heading606_064f11-f5[data-kb-block=\"kb-adv-heading606_064f11-f5\"] mark.kt-highlight{font-style:normal;color:#f76a0c;padding-top:0px;padding-right:0px;padding-bottom:0px;padding-left:0px;}<\/style>\n<div class=\"kt-adv-heading606_064f11-f5 wp-block-kadence-advancedheading\" data-kb-block=\"kb-adv-heading606_064f11-f5\"><strong>Exposition \u00e0 partir du 12 avril<\/strong><br><br>Cette exposition embarque petits et grands dans un voyage passionnant \u00e0 travers l\u2019histoire de l\u2019\u00e9galit\u00e9 entre les filles et les gar\u00e7ons. Depuis la naissance de l\u2019\u00e9cole de la R\u00e9publique jusqu\u2019aux grandes questions d\u2019aujourd\u2019hui \u2014 mixit\u00e9, orientation, choix des m\u00e9tiers \u2014, on d\u00e9couvre comment les choses ont \u00e9volu\u00e9\u2026 et parfois tard\u00e9 \u00e0 \u00e9voluer !<br>Gr\u00e2ce aux objets et documents conserv\u00e9s par le mus\u00e9e de Bothoa et aux panneaux con\u00e7us par le Mus\u00e9e national de l\u2019\u00e9ducation de Rouen, l\u2019histoire prend vie sous nos yeux. Cahiers d\u2019\u00e9coliers, photos, livres, jouets\u2026 chaque pi\u00e8ce raconte comment les st\u00e9r\u00e9otypes ont longtemps fa\u00e7onn\u00e9 le quotidien des filles et des gar\u00e7ons, en classe comme \u00e0 la maison.<br>On r\u00e9alise alors que les parcours n\u2019ont pas toujours \u00e9t\u00e9 les m\u00eames\u2026 mais aussi que les lignes bougent !<br>Une exposition vivante, concr\u00e8te et pleine de surprises, qui invite \u00e0 r\u00e9fl\u00e9chir\u00a0 et \u00e0 imaginer l\u2019\u00e9cole (et le monde !) de demain.<\/div>\n\n<style>.wp-block-kadence-advancedheading.kt-adv-heading606_085c9e-24, .wp-block-kadence-advancedheading.kt-adv-heading606_085c9e-24[data-kb-block=\"kb-adv-heading606_085c9e-24\"]{margin-bottom:var(--global-kb-spacing-sm, 1.5rem);text-align:center;font-size:var(--global-kb-font-size-md, 1.25rem);font-style:normal;}.wp-block-kadence-advancedheading.kt-adv-heading606_085c9e-24 mark.kt-highlight, .wp-block-kadence-advancedheading.kt-adv-heading606_085c9e-24[data-kb-block=\"kb-adv-heading606_085c9e-24\"] mark.kt-highlight{font-style:normal;color:#f76a0c;padding-top:0px;padding-right:0px;padding-bottom:0px;padding-left:0px;}<\/style>\n<div class=\"kt-adv-heading606_085c9e-24 wp-block-kadence-advancedheading\" data-kb-block=\"kb-adv-heading606_085c9e-24\"><\/div><\/div><\/div>\n\n<style>.kadence-column606_b8ed8c-e5 > .kt-inside-inner-col,.kadence-column606_b8ed8c-e5 > .kt-inside-inner-col:before{border-top-left-radius:0px;border-top-right-radius:0px;border-bottom-right-radius:0px;border-bottom-left-radius:0px;}.kadence-column606_b8ed8c-e5 > .kt-inside-inner-col{column-gap:var(--global-kb-gap-sm, 1rem);}.kadence-column606_b8ed8c-e5 > .kt-inside-inner-col{flex-direction:column;}.kadence-column606_b8ed8c-e5 > .kt-inside-inner-col > .aligncenter{width:100%;}.kadence-column606_b8ed8c-e5 > .kt-inside-inner-col:before{opacity:0.3;}.kadence-column606_b8ed8c-e5{position:relative;}@media all and (max-width: 1024px){.kadence-column606_b8ed8c-e5 > .kt-inside-inner-col{flex-direction:column;}}@media all and (max-width: 767px){.kadence-column606_b8ed8c-e5 > .kt-inside-inner-col{flex-direction:column;}}<\/style>\n<div class=\"wp-block-kadence-column kadence-column606_b8ed8c-e5\"><div class=\"kt-inside-inner-col\"><figure class=\"wp-block-image size-large\"><img loading=\"lazy\" decoding=\"async\" width=\"724\" height=\"1024\" src=\"http:\/\/musee-ecole-bothoa.com\/wp-content\/uploads\/2024\/10\/Affiche-reduite-internet-724x1024.jpg\" alt=\"\" class=\"wp-image-603\" srcset=\"https:\/\/musee-ecole-bothoa.com\/wp-content\/uploads\/2024\/10\/Affiche-reduite-internet-724x1024.jpg 724w, https:\/\/musee-ecole-bothoa.com\/wp-content\/uploads\/2024\/10\/Affiche-reduite-internet-212x300.jpg 212w, https:\/\/musee-ecole-bothoa.com\/wp-content\/uploads\/2024\/10\/Affiche-reduite-internet-768x1086.jpg 768w, https:\/\/musee-ecole-bothoa.com\/wp-content\/uploads\/2024\/10\/Affiche-reduite-internet-1086x1536.jpg 1086w, https:\/\/musee-ecole-bothoa.com\/wp-content\/uploads\/2024\/10\/Affiche-reduite-internet-600x849.jpg 600w, https:\/\/musee-ecole-bothoa.com\/wp-content\/uploads\/2024\/10\/Affiche-reduite-internet.jpg 1253w\" sizes=\"auto, (max-width: 724px) 100vw, 724px\" \/><\/figure><\/div><\/div>\n<\/div><\/div>","protected":false},"excerpt":{"rendered":"<p>Exposition Filles Gar\u00e7ons Exposition \u00e0 partir du 12 avril Cette exposition embarque petits et grands dans un voyage passionnant \u00e0 travers l\u2019histoire de l\u2019\u00e9galit\u00e9 entre les filles et les gar\u00e7ons&#8230;.<\/p>\n","protected":false},"author":1,"featured_media":0,"parent":0,"menu_order":0,"comment_status":"closed","ping_status":"closed","template":"","meta":{"_kadence_starter_templates_imported_post":false,"_kad_post_transparent":"","_kad_post_title":"","_kad_post_layout":"","_kad_post_sidebar_id":"","_kad_post_content_style":"","_kad_post_vertical_padding":"","_kad_post_feature":"","_kad_post_feature_position":"","_kad_post_header":false,"_kad_post_footer":false,"footnotes":""},"class_list":["post-606","page","type-page","status-publish","hentry"],"_links":{"self":[{"href":"https:\/\/musee-ecole-bothoa.com\/index.php\/wp-json\/wp\/v2\/pages\/606","targetHints":{"allow":["GET"]}}],"collection":[{"href":"https:\/\/musee-ecole-bothoa.com\/index.php\/wp-json\/wp\/v2\/pages"}],"about":[{"href":"https:\/\/musee-ecole-bothoa.com\/index.php\/wp-json\/wp\/v2\/types\/page"}],"author":[{"embeddable":true,"href":"https:\/\/musee-ecole-bothoa.com\/index.php\/wp-json\/wp\/v2\/users\/1"}],"replies":[{"embeddable":true,"href":"https:\/\/musee-ecole-bothoa.com\/index.php\/wp-json\/wp\/v2\/comments?post=606"}],"version-history":[{"count":8,"href":"https:\/\/musee-ecole-bothoa.com\/index.php\/wp-json\/wp\/v2\/pages\/606\/revisions"}],"predecessor-version":[{"id":627,"href":"https:\/\/musee-ecole-bothoa.com\/index.php\/wp-json\/wp\/v2\/pages\/606\/revisions\/627"}],"wp:attachment":[{"href":"https:\/\/musee-ecole-bothoa.com\/index.php\/wp-json\/wp\/v2\/media?parent=606"}],"curies":[{"name":"wp","href":"https:\/\/api.w.org\/{rel}","templated":true}]}}