{"id":12,"date":"2024-10-18T13:30:10","date_gmt":"2024-10-18T11:30:10","guid":{"rendered":"https:\/\/musee-ecole-bothoa.com\/?page_id=12"},"modified":"2026-03-16T12:01:09","modified_gmt":"2026-03-16T11:01:09","slug":"contact","status":"publish","type":"page","link":"https:\/\/musee-ecole-bothoa.com\/index.php\/contact\/","title":{"rendered":"Informations pratiques"},"content":{"rendered":"<h3 class=\"wp-block-heading\">Ouverture<\/h3><p><strong>Vacances d&#8217;hiver<\/strong><br>Du 15 au 27 f\u00e9vrier 2026 : du lundi au vendredi de 14h \u00e0 18h et les deux premiers dimanches (15 et 22 f\u00e9vrier).<\/p><p><strong>Vacances scolaires de printemps (zone B)<\/strong><br>Du 12 au 24 avril 2026 : du lundi au vendredi de 14h \u00e0 18h et les deux premiers dimanches (12 et 19 avril).<br><br><strong>Et\u00e9<\/strong><br>Du lundi au vendredi de 10h \u00e0 18h<\/p><p><strong>Vacances scolaires<\/strong> <strong>d\u2019automne (zone B)<\/strong><br>Du 18 au 30 octobre 2026 : du lundi au vendredi de 14h \u00e0 18h et les deux premiers dimanches (18 et 25 octobre).<\/p><p><strong>Samedi 19 et dimanche 20 septembre 2026<\/strong><br>Journ\u00e9es Europ\u00e9ennes du Patrimoine<br>Ouvert de 10h \u00e0 18h<\/p><h2 class=\"wp-block-heading\">Tarifs<\/h2><p><strong>Plein tarif :<\/strong> 6 \u20ac<br><strong>Tarif r\u00e9duit :<\/strong> 4 \u20ac (de 6 \u00e0 18 ans, \u00e9tudiant, demandeur d&#8217;emploi, personne en situation de handicap).<br><strong>Gratuit :<\/strong> moins de 6 ans, adh\u00e9rent de l&#8217;association<br><strong>Groupe (\u00e0 partir de 15 personnes) : <\/strong>5 \u20ac (5,50 \u20ac avec la dict\u00e9e) sur r\u00e9servation<\/p><p><strong>Mus\u00e9e de l&#8217;\u00e9cole de Bothoa<\/strong><br>54 rue des \u00e9coliers<br>Bothoa<br>22480 Saint-Nicolas-du-P\u00e9lem<br>T\u00e9l. 02 96 29 73 95<br><a href=\"mailto:info@musee-ecole-bothoa.fr\">info@musee-ecole-bothoa.fr<\/a><br>Coordonn\u00e9es GPS : <strong>Latitude :<\/strong> 48.333649 | <strong>Longitude :<\/strong> -3.161826<\/p><figure class=\"wp-block-image size-large is-resized\"><a href=\"https:\/\/www.facebook.com\/bothoamusee\/\" target=\"_blank\" rel=\"noreferrer noopener\"><img loading=\"lazy\" decoding=\"async\" width=\"1024\" height=\"576\" src=\"https:\/\/musee-ecole-bothoa.com\/wp-content\/uploads\/2024\/11\/fb-1024x576.jpg\" alt=\"\" class=\"wp-image-293\" style=\"width:105px;height:auto\" srcset=\"https:\/\/musee-ecole-bothoa.com\/wp-content\/uploads\/2024\/11\/fb-1024x576.jpg 1024w, https:\/\/musee-ecole-bothoa.com\/wp-content\/uploads\/2024\/11\/fb-300x169.jpg 300w, https:\/\/musee-ecole-bothoa.com\/wp-content\/uploads\/2024\/11\/fb-768x432.jpg 768w, https:\/\/musee-ecole-bothoa.com\/wp-content\/uploads\/2024\/11\/fb-1536x864.jpg 1536w, https:\/\/musee-ecole-bothoa.com\/wp-content\/uploads\/2024\/11\/fb-600x338.jpg 600w, https:\/\/musee-ecole-bothoa.com\/wp-content\/uploads\/2024\/11\/fb.jpg 1600w\" sizes=\"auto, (max-width: 1024px) 100vw, 1024px\" \/><\/a><\/figure><figure class=\"wp-block-image size-full is-resized\"><a href=\"https:\/\/www.instagram.com\/musee_ecole_bothoa\/\" target=\"_blank\" rel=\"noreferrer noopener\"><img loading=\"lazy\" decoding=\"async\" width=\"640\" height=\"640\" src=\"https:\/\/musee-ecole-bothoa.com\/wp-content\/uploads\/2024\/11\/Instagram_logo_2022.svg_.png\" alt=\"\" class=\"wp-image-292\" style=\"width:44px;height:auto\" srcset=\"https:\/\/musee-ecole-bothoa.com\/wp-content\/uploads\/2024\/11\/Instagram_logo_2022.svg_.png 640w, https:\/\/musee-ecole-bothoa.com\/wp-content\/uploads\/2024\/11\/Instagram_logo_2022.svg_-300x300.png 300w, https:\/\/musee-ecole-bothoa.com\/wp-content\/uploads\/2024\/11\/Instagram_logo_2022.svg_-150x150.png 150w, https:\/\/musee-ecole-bothoa.com\/wp-content\/uploads\/2024\/11\/Instagram_logo_2022.svg_-600x600.png 600w, https:\/\/musee-ecole-bothoa.com\/wp-content\/uploads\/2024\/11\/Instagram_logo_2022.svg_-100x100.png 100w\" sizes=\"auto, (max-width: 640px) 100vw, 640px\" \/><\/a><\/figure><figure class=\"wp-block-image size-full is-resized\"><img loading=\"lazy\" decoding=\"async\" width=\"235\" height=\"334\" src=\"https:\/\/musee-ecole-bothoa.com\/wp-content\/uploads\/2024\/11\/plaquette-ok-2023-8-02_pages-to-jpg-0001.jpg\" alt=\"\" class=\"wp-image-266\" style=\"width:359px;height:auto\" srcset=\"https:\/\/musee-ecole-bothoa.com\/wp-content\/uploads\/2024\/11\/plaquette-ok-2023-8-02_pages-to-jpg-0001.jpg 235w, https:\/\/musee-ecole-bothoa.com\/wp-content\/uploads\/2024\/11\/plaquette-ok-2023-8-02_pages-to-jpg-0001-211x300.jpg 211w\" sizes=\"auto, (max-width: 235px) 100vw, 235px\" \/><\/figure><p><\/p>","protected":false},"excerpt":{"rendered":"<p>Ouverture Vacances d&#8217;hiverDu 15 au 27 f\u00e9vrier 2026 : du lundi au vendredi de 14h \u00e0 18h et les deux premiers dimanches (15 et 22 f\u00e9vrier). Vacances scolaires de printemps&#8230;<\/p>\n","protected":false},"author":1,"featured_media":39,"parent":0,"menu_order":0,"comment_status":"closed","ping_status":"closed","template":"","meta":{"_kadence_starter_templates_imported_post":false,"_kad_post_transparent":"","_kad_post_title":"","_kad_post_layout":"","_kad_post_sidebar_id":"","_kad_post_content_style":"","_kad_post_vertical_padding":"","_kad_post_feature":"","_kad_post_feature_position":"","_kad_post_header":false,"_kad_post_footer":false,"footnotes":""},"class_list":["post-12","page","type-page","status-publish","has-post-thumbnail","hentry"],"_links":{"self":[{"href":"https:\/\/musee-ecole-bothoa.com\/index.php\/wp-json\/wp\/v2\/pages\/12","targetHints":{"allow":["GET"]}}],"collection":[{"href":"https:\/\/musee-ecole-bothoa.com\/index.php\/wp-json\/wp\/v2\/pages"}],"about":[{"href":"https:\/\/musee-ecole-bothoa.com\/index.php\/wp-json\/wp\/v2\/types\/page"}],"author":[{"embeddable":true,"href":"https:\/\/musee-ecole-bothoa.com\/index.php\/wp-json\/wp\/v2\/users\/1"}],"replies":[{"embeddable":true,"href":"https:\/\/musee-ecole-bothoa.com\/index.php\/wp-json\/wp\/v2\/comments?post=12"}],"version-history":[{"count":17,"href":"https:\/\/musee-ecole-bothoa.com\/index.php\/wp-json\/wp\/v2\/pages\/12\/revisions"}],"predecessor-version":[{"id":619,"href":"https:\/\/musee-ecole-bothoa.com\/index.php\/wp-json\/wp\/v2\/pages\/12\/revisions\/619"}],"wp:featuredmedia":[{"embeddable":true,"href":"https:\/\/musee-ecole-bothoa.com\/index.php\/wp-json\/wp\/v2\/media\/39"}],"wp:attachment":[{"href":"https:\/\/musee-ecole-bothoa.com\/index.php\/wp-json\/wp\/v2\/media?parent=12"}],"curies":[{"name":"wp","href":"https:\/\/api.w.org\/{rel}","templated":true}]}}