{"id":100,"date":"2024-10-18T17:12:13","date_gmt":"2024-10-18T15:12:13","guid":{"rendered":"http:\/\/musee-ecole-bothoa.com\/index.php\/about\/"},"modified":"2025-05-07T12:56:43","modified_gmt":"2025-05-07T10:56:43","slug":"about","status":"publish","type":"page","link":"https:\/\/musee-ecole-bothoa.com\/index.php\/about\/","title":{"rendered":"Les collections"},"content":{"rendered":"<h2 class=\"wp-block-heading\">Les collections<\/h2><figure class=\"wp-block-gallery has-nested-images columns-default is-cropped wp-block-gallery-1 is-layout-flex wp-block-gallery-is-layout-flex\"><figure class=\"wp-block-image size-large\"><img loading=\"lazy\" decoding=\"async\" width=\"1024\" height=\"683\" data-id=\"466\" src=\"https:\/\/musee-ecole-bothoa.com\/wp-content\/uploads\/2025\/02\/IMG20250204114801-copie-1024x683.jpg\" alt=\"\" class=\"wp-image-466\" srcset=\"https:\/\/musee-ecole-bothoa.com\/wp-content\/uploads\/2025\/02\/IMG20250204114801-copie-1024x683.jpg 1024w, https:\/\/musee-ecole-bothoa.com\/wp-content\/uploads\/2025\/02\/IMG20250204114801-copie-300x200.jpg 300w, https:\/\/musee-ecole-bothoa.com\/wp-content\/uploads\/2025\/02\/IMG20250204114801-copie-768x512.jpg 768w, https:\/\/musee-ecole-bothoa.com\/wp-content\/uploads\/2025\/02\/IMG20250204114801-copie-1536x1024.jpg 1536w, https:\/\/musee-ecole-bothoa.com\/wp-content\/uploads\/2025\/02\/IMG20250204114801-copie-2048x1365.jpg 2048w, https:\/\/musee-ecole-bothoa.com\/wp-content\/uploads\/2025\/02\/IMG20250204114801-copie-600x400.jpg 600w\" sizes=\"auto, (max-width: 1024px) 100vw, 1024px\" \/><\/figure>\n\n<figure class=\"wp-block-image size-large\"><img loading=\"lazy\" decoding=\"async\" width=\"1024\" height=\"578\" data-id=\"465\" src=\"https:\/\/musee-ecole-bothoa.com\/wp-content\/uploads\/2025\/02\/IMG20250204114625-copie-1024x578.jpg\" alt=\"\" class=\"wp-image-465\" srcset=\"https:\/\/musee-ecole-bothoa.com\/wp-content\/uploads\/2025\/02\/IMG20250204114625-copie-1024x578.jpg 1024w, https:\/\/musee-ecole-bothoa.com\/wp-content\/uploads\/2025\/02\/IMG20250204114625-copie-300x169.jpg 300w, https:\/\/musee-ecole-bothoa.com\/wp-content\/uploads\/2025\/02\/IMG20250204114625-copie-768x434.jpg 768w, https:\/\/musee-ecole-bothoa.com\/wp-content\/uploads\/2025\/02\/IMG20250204114625-copie-1536x867.jpg 1536w, https:\/\/musee-ecole-bothoa.com\/wp-content\/uploads\/2025\/02\/IMG20250204114625-copie-2048x1157.jpg 2048w, https:\/\/musee-ecole-bothoa.com\/wp-content\/uploads\/2025\/02\/IMG20250204114625-copie-600x339.jpg 600w\" sizes=\"auto, (max-width: 1024px) 100vw, 1024px\" \/><\/figure><\/figure><div style=\"height:0px\" aria-hidden=\"true\" class=\"wp-block-spacer\"><\/div><p>La richesse et la diversit\u00e9 des collections permettent la mise en place d&#8217;expositions temporaires et renouvellent l&#8217;int\u00e9r\u00eat des visiteurs.<\/p><p>Des locaux sp\u00e9cifiques d&#8217;environ 100m\u00b2 \u00e0 hydrom\u00e9trie constante sont consacr\u00e9s \u00e0 l\u2019archivage des collections dans de bonnes conditions. Les collections s\u2019articulent autour de trois grands th\u00e8mes.&nbsp;Cahiers, jeux, v\u00eatements, sabots, outils, cartes, livres&#8230; des milliers d&#8217;objets qui nous racontent l&#8217;histoire de l&#8217;\u00e9cole.<\/p><p class=\"has-small-font-size\">Si vous \u00eates en possession d\u2019objets en rapport avec l\u2019\u00e9cole et l\u2019\u00e9ducation, vous pouvez nous aider \u00e0 d\u00e9velopper nos collections.<br>Ces objets seront archiv\u00e9s dans des conditions id\u00e9ales de conservation, class\u00e9s, et pourront faire l\u2019objet d\u2019expositions.<\/p><p class=\"has-small-font-size\">Contact : <a href=\"mailto:info@musee-ecole-bothoa.fr\">info@musee-ecole-bothoa.fr<\/a><\/p><h2 class=\"wp-block-heading\">&gt; L&#8217;\u00e9cole<\/h2><p>Du palais scolaire \u00e0 l\u2019\u00e9cole du hameau : photographies, cartes postales, mobilier, mat\u00e9riel didactique\u2026 permettent de faire revivre ces lieux d\u2019apprentissage.<\/p><figure class=\"wp-block-gallery has-nested-images columns-default is-cropped wp-block-gallery-2 is-layout-flex wp-block-gallery-is-layout-flex\"><figure class=\"wp-block-image size-large\"><img loading=\"lazy\" decoding=\"async\" width=\"1024\" height=\"712\" data-id=\"261\" src=\"https:\/\/musee-ecole-bothoa.com\/wp-content\/uploads\/2024\/11\/Musee-2-1024x712-1.jpg\" alt=\"\" class=\"wp-image-261\" srcset=\"https:\/\/musee-ecole-bothoa.com\/wp-content\/uploads\/2024\/11\/Musee-2-1024x712-1.jpg 1024w, https:\/\/musee-ecole-bothoa.com\/wp-content\/uploads\/2024\/11\/Musee-2-1024x712-1-600x417.jpg 600w, https:\/\/musee-ecole-bothoa.com\/wp-content\/uploads\/2024\/11\/Musee-2-1024x712-1-300x209.jpg 300w, https:\/\/musee-ecole-bothoa.com\/wp-content\/uploads\/2024\/11\/Musee-2-1024x712-1-768x534.jpg 768w\" sizes=\"auto, (max-width: 1024px) 100vw, 1024px\" \/><\/figure>\n\n<figure class=\"wp-block-image size-large\"><img loading=\"lazy\" decoding=\"async\" width=\"1024\" height=\"768\" data-id=\"221\" src=\"https:\/\/musee-ecole-bothoa.com\/wp-content\/uploads\/2024\/10\/DSCN3422-1024x768.jpg\" alt=\"\" class=\"wp-image-221\" srcset=\"https:\/\/musee-ecole-bothoa.com\/wp-content\/uploads\/2024\/10\/DSCN3422-1024x768.jpg 1024w, https:\/\/musee-ecole-bothoa.com\/wp-content\/uploads\/2024\/10\/DSCN3422-scaled-600x450.jpg 600w, https:\/\/musee-ecole-bothoa.com\/wp-content\/uploads\/2024\/10\/DSCN3422-300x225.jpg 300w, https:\/\/musee-ecole-bothoa.com\/wp-content\/uploads\/2024\/10\/DSCN3422-768x576.jpg 768w, https:\/\/musee-ecole-bothoa.com\/wp-content\/uploads\/2024\/10\/DSCN3422-1536x1152.jpg 1536w, https:\/\/musee-ecole-bothoa.com\/wp-content\/uploads\/2024\/10\/DSCN3422-2048x1536.jpg 2048w\" sizes=\"auto, (max-width: 1024px) 100vw, 1024px\" \/><\/figure>\n\n<figure class=\"wp-block-image size-large\"><img loading=\"lazy\" decoding=\"async\" width=\"1024\" height=\"500\" data-id=\"180\" src=\"https:\/\/musee-ecole-bothoa.com\/wp-content\/uploads\/2024\/10\/animaux010-1024x500.jpg\" alt=\"\" class=\"wp-image-180\" srcset=\"https:\/\/musee-ecole-bothoa.com\/wp-content\/uploads\/2024\/10\/animaux010-1024x500.jpg 1024w, https:\/\/musee-ecole-bothoa.com\/wp-content\/uploads\/2024\/10\/animaux010-scaled-600x293.jpg 600w, https:\/\/musee-ecole-bothoa.com\/wp-content\/uploads\/2024\/10\/animaux010-300x147.jpg 300w, https:\/\/musee-ecole-bothoa.com\/wp-content\/uploads\/2024\/10\/animaux010-768x375.jpg 768w, https:\/\/musee-ecole-bothoa.com\/wp-content\/uploads\/2024\/10\/animaux010-1536x750.jpg 1536w, https:\/\/musee-ecole-bothoa.com\/wp-content\/uploads\/2024\/10\/animaux010-2048x1000.jpg 2048w\" sizes=\"auto, (max-width: 1024px) 100vw, 1024px\" \/><\/figure><\/figure><h2 class=\"wp-block-heading\">&gt; Le ma\u00eetre<\/h2><p>Le ma\u00eetre d\u2019\u00e9cole est un des personnages incontournables du village. Sa formation, ses dipl\u00f4mes, ses cahiers de pr\u00e9paration, les rapports d\u2019inspection sont des \u00e9l\u00e9ments essentiels pour appr\u00e9hender sa place dans la soci\u00e9t\u00e9.<\/p><figure class=\"wp-block-gallery has-nested-images columns-default wp-block-gallery-3 is-layout-flex wp-block-gallery-is-layout-flex\"><figure class=\"wp-block-image size-large\"><img loading=\"lazy\" decoding=\"async\" width=\"680\" height=\"1024\" data-id=\"435\" src=\"https:\/\/musee-ecole-bothoa.com\/wp-content\/uploads\/2025\/02\/27.02.2011-066-680x1024.jpg\" alt=\"\" class=\"wp-image-435\" srcset=\"https:\/\/musee-ecole-bothoa.com\/wp-content\/uploads\/2025\/02\/27.02.2011-066-680x1024.jpg 680w, https:\/\/musee-ecole-bothoa.com\/wp-content\/uploads\/2025\/02\/27.02.2011-066-199x300.jpg 199w, https:\/\/musee-ecole-bothoa.com\/wp-content\/uploads\/2025\/02\/27.02.2011-066-768x1156.jpg 768w, https:\/\/musee-ecole-bothoa.com\/wp-content\/uploads\/2025\/02\/27.02.2011-066-1020x1536.jpg 1020w, https:\/\/musee-ecole-bothoa.com\/wp-content\/uploads\/2025\/02\/27.02.2011-066-1360x2048.jpg 1360w, https:\/\/musee-ecole-bothoa.com\/wp-content\/uploads\/2025\/02\/27.02.2011-066-600x903.jpg 600w, https:\/\/musee-ecole-bothoa.com\/wp-content\/uploads\/2025\/02\/27.02.2011-066-scaled.jpg 1700w\" sizes=\"auto, (max-width: 680px) 100vw, 680px\" \/><\/figure>\n\n<figure class=\"wp-block-image size-large\" style=\"margin-right:0\"><img loading=\"lazy\" decoding=\"async\" width=\"1024\" height=\"790\" data-id=\"446\" src=\"https:\/\/musee-ecole-bothoa.com\/wp-content\/uploads\/2025\/02\/Carnet-de-correspondance-consignes-aux-parents-1024x790.jpg\" alt=\"\" class=\"wp-image-446\" srcset=\"https:\/\/musee-ecole-bothoa.com\/wp-content\/uploads\/2025\/02\/Carnet-de-correspondance-consignes-aux-parents-1024x790.jpg 1024w, https:\/\/musee-ecole-bothoa.com\/wp-content\/uploads\/2025\/02\/Carnet-de-correspondance-consignes-aux-parents-300x231.jpg 300w, https:\/\/musee-ecole-bothoa.com\/wp-content\/uploads\/2025\/02\/Carnet-de-correspondance-consignes-aux-parents-768x593.jpg 768w, https:\/\/musee-ecole-bothoa.com\/wp-content\/uploads\/2025\/02\/Carnet-de-correspondance-consignes-aux-parents-1536x1185.jpg 1536w, https:\/\/musee-ecole-bothoa.com\/wp-content\/uploads\/2025\/02\/Carnet-de-correspondance-consignes-aux-parents-2048x1580.jpg 2048w, https:\/\/musee-ecole-bothoa.com\/wp-content\/uploads\/2025\/02\/Carnet-de-correspondance-consignes-aux-parents-600x463.jpg 600w\" sizes=\"auto, (max-width: 1024px) 100vw, 1024px\" \/><\/figure>\n\n<figure class=\"wp-block-image size-large\"><img loading=\"lazy\" decoding=\"async\" width=\"680\" height=\"1024\" data-id=\"448\" src=\"http:\/\/musee-ecole-bothoa.com\/wp-content\/uploads\/2025\/02\/11.01.2011-024-680x1024.jpg\" alt=\"\" class=\"wp-image-448\" srcset=\"https:\/\/musee-ecole-bothoa.com\/wp-content\/uploads\/2025\/02\/11.01.2011-024-680x1024.jpg 680w, https:\/\/musee-ecole-bothoa.com\/wp-content\/uploads\/2025\/02\/11.01.2011-024-199x300.jpg 199w, https:\/\/musee-ecole-bothoa.com\/wp-content\/uploads\/2025\/02\/11.01.2011-024-768x1156.jpg 768w, https:\/\/musee-ecole-bothoa.com\/wp-content\/uploads\/2025\/02\/11.01.2011-024-1020x1536.jpg 1020w, https:\/\/musee-ecole-bothoa.com\/wp-content\/uploads\/2025\/02\/11.01.2011-024-1360x2048.jpg 1360w, https:\/\/musee-ecole-bothoa.com\/wp-content\/uploads\/2025\/02\/11.01.2011-024-600x903.jpg 600w, https:\/\/musee-ecole-bothoa.com\/wp-content\/uploads\/2025\/02\/11.01.2011-024-scaled.jpg 1700w\" sizes=\"auto, (max-width: 680px) 100vw, 680px\" \/><\/figure><\/figure><h2 class=\"wp-block-heading\">&gt; L&#8217;enfant<\/h2><p>Il est au centre des collections : sa tenue, ses cahiers et ses livres, son mat\u00e9riel scolaire, ses jouets et ses jeux\u2026 tout un univers qui se d\u00e9cline au fil du temps.<\/p><figure class=\"wp-block-gallery has-nested-images columns-default wp-block-gallery-4 is-layout-flex wp-block-gallery-is-layout-flex\"><figure class=\"wp-block-image size-large\"><img loading=\"lazy\" decoding=\"async\" width=\"1024\" height=\"680\" data-id=\"173\" src=\"https:\/\/musee-ecole-bothoa.com\/wp-content\/uploads\/2024\/10\/sem-36-1024x680.jpg\" alt=\"\" class=\"wp-image-173\" srcset=\"https:\/\/musee-ecole-bothoa.com\/wp-content\/uploads\/2024\/10\/sem-36-1024x680.jpg 1024w, https:\/\/musee-ecole-bothoa.com\/wp-content\/uploads\/2024\/10\/sem-36-scaled-600x398.jpg 600w, https:\/\/musee-ecole-bothoa.com\/wp-content\/uploads\/2024\/10\/sem-36-300x199.jpg 300w, https:\/\/musee-ecole-bothoa.com\/wp-content\/uploads\/2024\/10\/sem-36-768x510.jpg 768w, https:\/\/musee-ecole-bothoa.com\/wp-content\/uploads\/2024\/10\/sem-36-1536x1020.jpg 1536w, https:\/\/musee-ecole-bothoa.com\/wp-content\/uploads\/2024\/10\/sem-36-2048x1360.jpg 2048w\" sizes=\"auto, (max-width: 1024px) 100vw, 1024px\" \/><\/figure>\n\n<figure class=\"wp-block-image size-large\"><img loading=\"lazy\" decoding=\"async\" width=\"1024\" height=\"708\" data-id=\"137\" src=\"https:\/\/musee-ecole-bothoa.com\/wp-content\/uploads\/2024\/10\/Raylambert001-1024x708.jpg\" alt=\"\" class=\"wp-image-137\" srcset=\"https:\/\/musee-ecole-bothoa.com\/wp-content\/uploads\/2024\/10\/Raylambert001-1024x708.jpg 1024w, https:\/\/musee-ecole-bothoa.com\/wp-content\/uploads\/2024\/10\/Raylambert001-600x415.jpg 600w, https:\/\/musee-ecole-bothoa.com\/wp-content\/uploads\/2024\/10\/Raylambert001-300x207.jpg 300w, https:\/\/musee-ecole-bothoa.com\/wp-content\/uploads\/2024\/10\/Raylambert001-768x531.jpg 768w, https:\/\/musee-ecole-bothoa.com\/wp-content\/uploads\/2024\/10\/Raylambert001-1536x1062.jpg 1536w, https:\/\/musee-ecole-bothoa.com\/wp-content\/uploads\/2024\/10\/Raylambert001-2048x1416.jpg 2048w\" sizes=\"auto, (max-width: 1024px) 100vw, 1024px\" \/><\/figure>\n\n<figure class=\"wp-block-image size-large\"><img loading=\"lazy\" decoding=\"async\" width=\"819\" height=\"1024\" data-id=\"182\" src=\"https:\/\/musee-ecole-bothoa.com\/wp-content\/uploads\/2024\/10\/boest-gwriat-819x1024.gif\" alt=\"\" class=\"wp-image-182\" srcset=\"https:\/\/musee-ecole-bothoa.com\/wp-content\/uploads\/2024\/10\/boest-gwriat-819x1024.gif 819w, https:\/\/musee-ecole-bothoa.com\/wp-content\/uploads\/2024\/10\/boest-gwriat-scaled-600x750.gif 600w, https:\/\/musee-ecole-bothoa.com\/wp-content\/uploads\/2024\/10\/boest-gwriat-240x300.gif 240w, https:\/\/musee-ecole-bothoa.com\/wp-content\/uploads\/2024\/10\/boest-gwriat-768x960.gif 768w, https:\/\/musee-ecole-bothoa.com\/wp-content\/uploads\/2024\/10\/boest-gwriat-1229x1536.gif 1229w, https:\/\/musee-ecole-bothoa.com\/wp-content\/uploads\/2024\/10\/boest-gwriat-1639x2048.gif 1639w\" sizes=\"auto, (max-width: 819px) 100vw, 819px\" \/><\/figure><\/figure><h2 class=\"wp-block-heading\">Les \u00e9ditions<\/h2><p>L\u2019association \u00e9dite des livres \u00e0 compte d\u2019auteur ou en partenariat avec Ouest-France et les \u00e9ditions Noir et Blanc.<\/p><figure class=\"wp-block-gallery has-nested-images columns-default is-cropped wp-block-gallery-5 is-layout-flex wp-block-gallery-is-layout-flex\"><figure class=\"wp-block-image size-large\"><img loading=\"lazy\" decoding=\"async\" width=\"855\" height=\"1024\" data-id=\"450\" src=\"http:\/\/musee-ecole-bothoa.com\/wp-content\/uploads\/2025\/02\/Tu-seras-soldat-b-855x1024.jpg\" alt=\"\" class=\"wp-image-450\" srcset=\"https:\/\/musee-ecole-bothoa.com\/wp-content\/uploads\/2025\/02\/Tu-seras-soldat-b-855x1024.jpg 855w, https:\/\/musee-ecole-bothoa.com\/wp-content\/uploads\/2025\/02\/Tu-seras-soldat-b-250x300.jpg 250w, https:\/\/musee-ecole-bothoa.com\/wp-content\/uploads\/2025\/02\/Tu-seras-soldat-b-768x920.jpg 768w\" sizes=\"auto, (max-width: 855px) 100vw, 855px\" \/><\/figure>\n\n<figure class=\"wp-block-image size-large\"><img loading=\"lazy\" decoding=\"async\" width=\"1024\" height=\"777\" data-id=\"457\" src=\"http:\/\/musee-ecole-bothoa.com\/wp-content\/uploads\/2025\/02\/Mon-ecole-b-1024x777.jpg\" alt=\"\" class=\"wp-image-457\" srcset=\"https:\/\/musee-ecole-bothoa.com\/wp-content\/uploads\/2025\/02\/Mon-ecole-b-1024x777.jpg 1024w, https:\/\/musee-ecole-bothoa.com\/wp-content\/uploads\/2025\/02\/Mon-ecole-b-300x228.jpg 300w\" sizes=\"auto, (max-width: 1024px) 100vw, 1024px\" \/><\/figure>\n\n<figure class=\"wp-block-image size-full\"><img decoding=\"async\" data-id=\"451\" src=\"http:\/\/musee-ecole-bothoa.com\/wp-content\/uploads\/2025\/02\/Histoires-decoles-communales-b.jpg\" alt=\"\" class=\"wp-image-451\"\/><\/figure><\/figure><figure class=\"wp-block-gallery has-nested-images columns-default is-cropped wp-block-gallery-6 is-layout-flex wp-block-gallery-is-layout-flex\"><figure class=\"wp-block-image size-large\"><img loading=\"lazy\" decoding=\"async\" width=\"2503\" height=\"2560\" data-id=\"458\" src=\"https:\/\/musee-ecole-bothoa.com\/wp-content\/uploads\/2025\/02\/Agenda-de-lecole-2011-2012-b-scaled.jpg\" alt=\"\" class=\"wp-image-458\" srcset=\"https:\/\/musee-ecole-bothoa.com\/wp-content\/uploads\/2025\/02\/Agenda-de-lecole-2011-2012-b-scaled.jpg 2503w, https:\/\/musee-ecole-bothoa.com\/wp-content\/uploads\/2025\/02\/Agenda-de-lecole-2011-2012-b-293x300.jpg 293w\" sizes=\"auto, (max-width: 2503px) 100vw, 2503px\" \/><\/figure>\n\n<figure class=\"wp-block-image size-large\"><img loading=\"lazy\" decoding=\"async\" width=\"1000\" height=\"1024\" data-id=\"459\" src=\"https:\/\/musee-ecole-bothoa.com\/wp-content\/uploads\/2025\/02\/Agenda-de-lecole-2012-2013-b-1000x1024.jpg\" alt=\"\" class=\"wp-image-459\" srcset=\"https:\/\/musee-ecole-bothoa.com\/wp-content\/uploads\/2025\/02\/Agenda-de-lecole-2012-2013-b-1000x1024.jpg 1000w, https:\/\/musee-ecole-bothoa.com\/wp-content\/uploads\/2025\/02\/Agenda-de-lecole-2012-2013-b-293x300.jpg 293w, https:\/\/musee-ecole-bothoa.com\/wp-content\/uploads\/2025\/02\/Agenda-de-lecole-2012-2013-b-768x786.jpg 768w\" sizes=\"auto, (max-width: 1000px) 100vw, 1000px\" \/><\/figure>\n\n<figure class=\"wp-block-image size-large\"><img loading=\"lazy\" decoding=\"async\" width=\"815\" height=\"1024\" data-id=\"460\" src=\"https:\/\/musee-ecole-bothoa.com\/wp-content\/uploads\/2025\/02\/Lhistoire-de-lecole-en-Bretagne-b-815x1024.jpg\" alt=\"\" class=\"wp-image-460\" srcset=\"https:\/\/musee-ecole-bothoa.com\/wp-content\/uploads\/2025\/02\/Lhistoire-de-lecole-en-Bretagne-b-815x1024.jpg 815w, https:\/\/musee-ecole-bothoa.com\/wp-content\/uploads\/2025\/02\/Lhistoire-de-lecole-en-Bretagne-b-239x300.jpg 239w, https:\/\/musee-ecole-bothoa.com\/wp-content\/uploads\/2025\/02\/Lhistoire-de-lecole-en-Bretagne-b-768x965.jpg 768w, https:\/\/musee-ecole-bothoa.com\/wp-content\/uploads\/2025\/02\/Lhistoire-de-lecole-en-Bretagne-b-1222x1536.jpg 1222w, https:\/\/musee-ecole-bothoa.com\/wp-content\/uploads\/2025\/02\/Lhistoire-de-lecole-en-Bretagne-b-1629x2048.jpg 1629w, https:\/\/musee-ecole-bothoa.com\/wp-content\/uploads\/2025\/02\/Lhistoire-de-lecole-en-Bretagne-b-600x754.jpg 600w, https:\/\/musee-ecole-bothoa.com\/wp-content\/uploads\/2025\/02\/Lhistoire-de-lecole-en-Bretagne-b-scaled.jpg 2037w\" sizes=\"auto, (max-width: 815px) 100vw, 815px\" \/><\/figure><\/figure>","protected":false},"excerpt":{"rendered":"<p>Les collections La richesse et la diversit\u00e9 des collections permettent la mise en place d&#8217;expositions temporaires et renouvellent l&#8217;int\u00e9r\u00eat des visiteurs. Des locaux sp\u00e9cifiques d&#8217;environ 100m\u00b2 \u00e0 hydrom\u00e9trie constante sont&#8230;<\/p>\n","protected":false},"author":1,"featured_media":0,"parent":0,"menu_order":0,"comment_status":"closed","ping_status":"closed","template":"","meta":{"_kadence_starter_templates_imported_post":true,"_kad_post_transparent":"","_kad_post_title":"hide","_kad_post_layout":"narrow","_kad_post_sidebar_id":"","_kad_post_content_style":"unboxed","_kad_post_vertical_padding":"hide","_kad_post_feature":"hide","_kad_post_feature_position":"","_kad_post_header":false,"_kad_post_footer":false,"footnotes":""},"class_list":["post-100","page","type-page","status-publish","hentry"],"_links":{"self":[{"href":"https:\/\/musee-ecole-bothoa.com\/index.php\/wp-json\/wp\/v2\/pages\/100","targetHints":{"allow":["GET"]}}],"collection":[{"href":"https:\/\/musee-ecole-bothoa.com\/index.php\/wp-json\/wp\/v2\/pages"}],"about":[{"href":"https:\/\/musee-ecole-bothoa.com\/index.php\/wp-json\/wp\/v2\/types\/page"}],"author":[{"embeddable":true,"href":"https:\/\/musee-ecole-bothoa.com\/index.php\/wp-json\/wp\/v2\/users\/1"}],"replies":[{"embeddable":true,"href":"https:\/\/musee-ecole-bothoa.com\/index.php\/wp-json\/wp\/v2\/comments?post=100"}],"version-history":[{"count":38,"href":"https:\/\/musee-ecole-bothoa.com\/index.php\/wp-json\/wp\/v2\/pages\/100\/revisions"}],"predecessor-version":[{"id":494,"href":"https:\/\/musee-ecole-bothoa.com\/index.php\/wp-json\/wp\/v2\/pages\/100\/revisions\/494"}],"wp:attachment":[{"href":"https:\/\/musee-ecole-bothoa.com\/index.php\/wp-json\/wp\/v2\/media?parent=100"}],"curies":[{"name":"wp","href":"https:\/\/api.w.org\/{rel}","templated":true}]}}